{"id":13418,"date":"2020-05-24T22:11:31","date_gmt":"2020-05-24T22:11:31","guid":{"rendered":"https:\/\/violetaobst.at\/?post_type=product&#038;p=13418"},"modified":"2021-02-22T20:13:51","modified_gmt":"2021-02-22T20:13:51","slug":"bio-salsa-kirschtomate-520g","status":"publish","type":"product","link":"https:\/\/violetaobst.at\/?product=bio-salsa-kirschtomate-520g","title":{"rendered":"Bio Salsa Kirschtomate 520g\/Flasche"},"content":{"rendered":"<p>Diese Bio Salsa ist das Ergebnis einer sorgf\u00e4ltigen Auswahl von Kirschtomaten, die ausschlie\u00dflich mit nat\u00fcrlichen Verfahren behandelt und in den Sommermonaten bei bester Qualit\u00e4t schonend geerntet werden. Das sonnenreiche Klima und die einzigartige Bodenkultur im Gebiet Ragusa auf Sizilien sind ma\u00dfgebend f\u00fcr den intensiv, aromatischen Geschmack der Agromonte Produkte! Diese Bio Salsa aus Kirschtomaten eignet sich perfekt zum Verfeinern von Pasta, Pizza und Saucen!<\/p>\n","protected":false},"excerpt":{"rendered":"<p>Diese Bio Salsa ist das Ergebnis einer sorgf\u00e4ltigen Auswahl von Kirschtomaten, die ausschlie\u00dflich mit nat\u00fcrlichen Verfahren behandelt und in den Sommermonaten bei bester Qualit\u00e4t schonend geerntet werden.<\/p>\n","protected":false},"featured_media":13419,"template":"","meta":[],"product_brand":[],"product_cat":[134],"product_tag":[],"class_list":{"0":"post-13418","1":"product","2":"type-product","3":"status-publish","4":"has-post-thumbnail","6":"product_cat-sirup-saucen","8":"first","9":"instock","10":"taxable","11":"shipping-taxable","12":"purchasable","13":"product-type-simple"},"_links":{"self":[{"href":"https:\/\/violetaobst.at\/index.php?rest_route=\/wp\/v2\/product\/13418","targetHints":{"allow":["GET"]}}],"collection":[{"href":"https:\/\/violetaobst.at\/index.php?rest_route=\/wp\/v2\/product"}],"about":[{"href":"https:\/\/violetaobst.at\/index.php?rest_route=\/wp\/v2\/types\/product"}],"wp:featuredmedia":[{"embeddable":true,"href":"https:\/\/violetaobst.at\/index.php?rest_route=\/wp\/v2\/media\/13419"}],"wp:attachment":[{"href":"https:\/\/violetaobst.at\/index.php?rest_route=%2Fwp%2Fv2%2Fmedia&parent=13418"}],"wp:term":[{"taxonomy":"product_brand","embeddable":true,"href":"https:\/\/violetaobst.at\/index.php?rest_route=%2Fwp%2Fv2%2Fproduct_brand&post=13418"},{"taxonomy":"product_cat","embeddable":true,"href":"https:\/\/violetaobst.at\/index.php?rest_route=%2Fwp%2Fv2%2Fproduct_cat&post=13418"},{"taxonomy":"product_tag","embeddable":true,"href":"https:\/\/violetaobst.at\/index.php?rest_route=%2Fwp%2Fv2%2Fproduct_tag&post=13418"}],"curies":[{"name":"wp","href":"https:\/\/api.w.org\/{rel}","templated":true}]}}