{"id":13363,"date":"2020-05-01T22:06:47","date_gmt":"2020-05-01T22:06:47","guid":{"rendered":"https:\/\/violetaobst.at\/?post_type=product&#038;p=13363"},"modified":"2020-05-01T22:07:20","modified_gmt":"2020-05-01T22:07:20","slug":"minimais-100gr","status":"publish","type":"product","link":"https:\/\/violetaobst.at\/?product=minimais-100gr","title":{"rendered":"Minimais 100gr."},"content":{"rendered":"<p>Babymais ist ein Getreidekorn aus fr\u00fch geerntetem Mais, w\u00e4hrend die Stiele noch klein und unreif sind. Im Gegensatz zu reifem Mais, dessen Maiskolben f\u00fcr den menschlichen Verzehr zu z\u00e4h ist, wird er normalerweise ganz gegessen &#8211; einschlie\u00dflich Kolben. Es wird sowohl roh als auch gekocht gegessen.<\/p>\n","protected":false},"excerpt":{"rendered":"<p>Babymais ist ein Getreidekorn aus fr\u00fch geerntetem Mais, w\u00e4hrend die Stiele noch klein und unreif sind.<\/p>\n","protected":false},"featured_media":13366,"template":"","meta":[],"product_brand":[],"product_cat":[122],"product_tag":[],"class_list":{"0":"post-13363","1":"product","2":"type-product","3":"status-publish","4":"has-post-thumbnail","6":"product_cat-gemuese-2","8":"first","9":"instock","10":"taxable","11":"shipping-taxable","12":"purchasable","13":"product-type-simple"},"_links":{"self":[{"href":"https:\/\/violetaobst.at\/index.php?rest_route=\/wp\/v2\/product\/13363","targetHints":{"allow":["GET"]}}],"collection":[{"href":"https:\/\/violetaobst.at\/index.php?rest_route=\/wp\/v2\/product"}],"about":[{"href":"https:\/\/violetaobst.at\/index.php?rest_route=\/wp\/v2\/types\/product"}],"wp:featuredmedia":[{"embeddable":true,"href":"https:\/\/violetaobst.at\/index.php?rest_route=\/wp\/v2\/media\/13366"}],"wp:attachment":[{"href":"https:\/\/violetaobst.at\/index.php?rest_route=%2Fwp%2Fv2%2Fmedia&parent=13363"}],"wp:term":[{"taxonomy":"product_brand","embeddable":true,"href":"https:\/\/violetaobst.at\/index.php?rest_route=%2Fwp%2Fv2%2Fproduct_brand&post=13363"},{"taxonomy":"product_cat","embeddable":true,"href":"https:\/\/violetaobst.at\/index.php?rest_route=%2Fwp%2Fv2%2Fproduct_cat&post=13363"},{"taxonomy":"product_tag","embeddable":true,"href":"https:\/\/violetaobst.at\/index.php?rest_route=%2Fwp%2Fv2%2Fproduct_tag&post=13363"}],"curies":[{"name":"wp","href":"https:\/\/api.w.org\/{rel}","templated":true}]}}