{"id":13359,"date":"2020-05-01T21:54:04","date_gmt":"2020-05-01T21:54:04","guid":{"rendered":"https:\/\/violetaobst.at\/?post_type=product&#038;p=13359"},"modified":"2021-01-17T16:43:42","modified_gmt":"2021-01-17T16:43:42","slug":"verschiedene-chilis-auf-anfrage","status":"publish","type":"product","link":"https:\/\/violetaobst.at\/?product=verschiedene-chilis-auf-anfrage","title":{"rendered":"Chili  mix  100gr."},"content":{"rendered":"<p>Chili mix 100gr.<\/p>\n<p>Die Pflanzengattung Paprika (Capsicum) geh\u00f6rt zur Familie der Nachtschattengew\u00e4chse (Solanaceae). Sie ist vor allem wegen ihrer Fr\u00fcchte bekannt, die als Gem\u00fcse und Gew\u00fcrz verwendet werden. Je nach Gr\u00f6\u00dfe, Farbe und Geschmack sowie Sch\u00e4rfe werden f\u00fcr viele Sorten besondere Namen wie Chili, Spanischer Pfeffer,<\/p>\n","protected":false},"excerpt":{"rendered":"<p>Die Pflanzengattung Paprika (Capsicum) geh\u00f6rt zur Familie der Nachtschattengew\u00e4chse (Solanaceae).<\/p>\n","protected":false},"featured_media":13360,"template":"","meta":[],"product_brand":[],"product_cat":[115],"product_tag":[],"class_list":{"0":"post-13359","1":"product","2":"type-product","3":"status-publish","4":"has-post-thumbnail","6":"product_cat-oele-kraeuter-gewuerze","8":"first","9":"instock","10":"taxable","11":"shipping-taxable","12":"purchasable","13":"product-type-simple"},"_links":{"self":[{"href":"https:\/\/violetaobst.at\/index.php?rest_route=\/wp\/v2\/product\/13359","targetHints":{"allow":["GET"]}}],"collection":[{"href":"https:\/\/violetaobst.at\/index.php?rest_route=\/wp\/v2\/product"}],"about":[{"href":"https:\/\/violetaobst.at\/index.php?rest_route=\/wp\/v2\/types\/product"}],"wp:featuredmedia":[{"embeddable":true,"href":"https:\/\/violetaobst.at\/index.php?rest_route=\/wp\/v2\/media\/13360"}],"wp:attachment":[{"href":"https:\/\/violetaobst.at\/index.php?rest_route=%2Fwp%2Fv2%2Fmedia&parent=13359"}],"wp:term":[{"taxonomy":"product_brand","embeddable":true,"href":"https:\/\/violetaobst.at\/index.php?rest_route=%2Fwp%2Fv2%2Fproduct_brand&post=13359"},{"taxonomy":"product_cat","embeddable":true,"href":"https:\/\/violetaobst.at\/index.php?rest_route=%2Fwp%2Fv2%2Fproduct_cat&post=13359"},{"taxonomy":"product_tag","embeddable":true,"href":"https:\/\/violetaobst.at\/index.php?rest_route=%2Fwp%2Fv2%2Fproduct_tag&post=13359"}],"curies":[{"name":"wp","href":"https:\/\/api.w.org\/{rel}","templated":true}]}}