{"id":13333,"date":"2020-05-01T20:57:30","date_gmt":"2020-05-01T20:57:30","guid":{"rendered":"https:\/\/violetaobst.at\/?post_type=product&#038;p=13333"},"modified":"2020-05-01T21:02:02","modified_gmt":"2020-05-01T21:02:02","slug":"maracuja-passionsfrucht-stueck","status":"publish","type":"product","link":"https:\/\/violetaobst.at\/?product=maracuja-passionsfrucht-stueck","title":{"rendered":"Maracuja St\u00fcck"},"content":{"rendered":"<p>Die Maracuja ist eif\u00f6rmig, hat eine feste Haut und viele essbare Kerne, \u00e4hnlich wie ein Granatapfel. Der Saft der Maracuja schmeckt je nach Sorte bitter s\u00fc\u00dflich oder auch sauer und enth\u00e4lt viel Vitamin C. Je nach Sorte der Passionsblumen sind die Fr\u00fcchte sehr unterschiedlich.<\/p>\n","protected":false},"excerpt":{"rendered":"<p>Passiflora edulis ist eine Art aus der zu den Passionsblumengew\u00e4chsen z\u00e4hlenden Gattung der Passionsblumen.<\/p>\n","protected":false},"featured_media":13337,"template":"","meta":[],"product_brand":[],"product_cat":[118],"product_tag":[],"class_list":{"0":"post-13333","1":"product","2":"type-product","3":"status-publish","4":"has-post-thumbnail","6":"product_cat-exotische-fruechte","8":"first","9":"instock","10":"taxable","11":"shipping-taxable","12":"purchasable","13":"product-type-simple"},"_links":{"self":[{"href":"https:\/\/violetaobst.at\/index.php?rest_route=\/wp\/v2\/product\/13333","targetHints":{"allow":["GET"]}}],"collection":[{"href":"https:\/\/violetaobst.at\/index.php?rest_route=\/wp\/v2\/product"}],"about":[{"href":"https:\/\/violetaobst.at\/index.php?rest_route=\/wp\/v2\/types\/product"}],"wp:featuredmedia":[{"embeddable":true,"href":"https:\/\/violetaobst.at\/index.php?rest_route=\/wp\/v2\/media\/13337"}],"wp:attachment":[{"href":"https:\/\/violetaobst.at\/index.php?rest_route=%2Fwp%2Fv2%2Fmedia&parent=13333"}],"wp:term":[{"taxonomy":"product_brand","embeddable":true,"href":"https:\/\/violetaobst.at\/index.php?rest_route=%2Fwp%2Fv2%2Fproduct_brand&post=13333"},{"taxonomy":"product_cat","embeddable":true,"href":"https:\/\/violetaobst.at\/index.php?rest_route=%2Fwp%2Fv2%2Fproduct_cat&post=13333"},{"taxonomy":"product_tag","embeddable":true,"href":"https:\/\/violetaobst.at\/index.php?rest_route=%2Fwp%2Fv2%2Fproduct_tag&post=13333"}],"curies":[{"name":"wp","href":"https:\/\/api.w.org\/{rel}","templated":true}]}}