{"id":13329,"date":"2020-05-01T20:44:58","date_gmt":"2020-05-01T20:44:58","guid":{"rendered":"https:\/\/violetaobst.at\/?post_type=product&#038;p=13329"},"modified":"2020-05-01T20:44:58","modified_gmt":"2020-05-01T20:44:58","slug":"carambol-sternfrucht-stueck","status":"publish","type":"product","link":"https:\/\/violetaobst.at\/?product=carambol-sternfrucht-stueck","title":{"rendered":"Carambol &#8211; Sternfrucht St\u00fcck"},"content":{"rendered":"<p>Die Sternfrucht (Averrhoa carambola), auch Karambole, Karambola oder Carambola genannt, ist neben dem Gurkenbaum eine von zwei Arten aus der Gattung der Gurkenb\u00e4ume (Averrhoa). Sie geh\u00f6ren zur Familie der Sauerkleegew\u00e4chse (Oxalidaceae) und stammen aus S\u00fcdostasien, werden jedoch in den Tropen und Subtropen weltweit kultiviert.<\/p>\n","protected":false},"excerpt":{"rendered":"<p>Die Sternfrucht (Averrhoa carambola), auch Karambole, Karambola oder Carambola genannt, ist neben dem Gurkenbaum eine von zwei Arten aus der Gattung der Gurkenb\u00e4ume (Averrhoa).<\/p>\n","protected":false},"featured_media":13331,"template":"","meta":[],"product_brand":[],"product_cat":[118],"product_tag":[],"class_list":{"0":"post-13329","1":"product","2":"type-product","3":"status-publish","4":"has-post-thumbnail","6":"product_cat-exotische-fruechte","8":"first","9":"instock","10":"taxable","11":"shipping-taxable","12":"purchasable","13":"product-type-simple"},"_links":{"self":[{"href":"https:\/\/violetaobst.at\/index.php?rest_route=\/wp\/v2\/product\/13329","targetHints":{"allow":["GET"]}}],"collection":[{"href":"https:\/\/violetaobst.at\/index.php?rest_route=\/wp\/v2\/product"}],"about":[{"href":"https:\/\/violetaobst.at\/index.php?rest_route=\/wp\/v2\/types\/product"}],"wp:featuredmedia":[{"embeddable":true,"href":"https:\/\/violetaobst.at\/index.php?rest_route=\/wp\/v2\/media\/13331"}],"wp:attachment":[{"href":"https:\/\/violetaobst.at\/index.php?rest_route=%2Fwp%2Fv2%2Fmedia&parent=13329"}],"wp:term":[{"taxonomy":"product_brand","embeddable":true,"href":"https:\/\/violetaobst.at\/index.php?rest_route=%2Fwp%2Fv2%2Fproduct_brand&post=13329"},{"taxonomy":"product_cat","embeddable":true,"href":"https:\/\/violetaobst.at\/index.php?rest_route=%2Fwp%2Fv2%2Fproduct_cat&post=13329"},{"taxonomy":"product_tag","embeddable":true,"href":"https:\/\/violetaobst.at\/index.php?rest_route=%2Fwp%2Fv2%2Fproduct_tag&post=13329"}],"curies":[{"name":"wp","href":"https:\/\/api.w.org\/{rel}","templated":true}]}}